{"id":49235,"date":"2024-04-29T15:08:25","date_gmt":"2024-04-29T14:08:25","guid":{"rendered":"http:\/\/localhost\/bits\/?page_id=49235"},"modified":"2024-05-13T16:26:50","modified_gmt":"2024-05-13T15:26:50","slug":"pc-portable-tablette","status":"publish","type":"page","link":"https:\/\/www.bits-tunisia.com\/en\/pc-portable-tablette\/","title":{"rendered":"PC \/ Portable \/ Tablette"},"content":{"rendered":"<div data-elementor-type=\"wp-page\" data-elementor-id=\"49235\" class=\"elementor elementor-49235\">\n\t\t\t\t\t\t<section class=\"elementor-section elementor-top-section elementor-element elementor-element-4ab06cd elementor-section-content-bottom elementor-section-stretched elementor-section-full_width navigation elementor-section-height-default elementor-section-height-default tm-col-stretched-none tm-bg-color-over-image\" data-id=\"4ab06cd\" data-element_type=\"section\" data-settings=\"{&quot;stretch_section&quot;:&quot;section-stretched&quot;,&quot;background_background&quot;:&quot;classic&quot;}\">\n\t\t\t\t\t\t<div class=\"elementor-container elementor-column-gap-extended\">\n\t\t\t\t\t<div class=\"elementor-column elementor-col-100 elementor-top-column elementor-element elementor-element-51335e7 tm-bg-color-over-image\" data-id=\"51335e7\" data-element_type=\"column\">\n\t\t\t<div class=\"elementor-widget-wrap elementor-element-populated\">\n\t\t\t\t\t\t<section class=\"elementor-section elementor-inner-section elementor-element elementor-element-968aa19 elementor-section-full_width elementor-reverse-tablet elementor-reverse-mobile elementor-section-height-default elementor-section-height-default tm-col-stretched-none tm-bg-color-over-image\" data-id=\"968aa19\" data-element_type=\"section\">\n\t\t\t\t\t\t<div class=\"elementor-container elementor-column-gap-default\">\n\t\t\t\t\t<div class=\"elementor-column elementor-col-50 elementor-inner-column elementor-element elementor-element-c9ba418 tm-bg-color-over-image\" data-id=\"c9ba418\" data-element_type=\"column\">\n\t\t\t<div class=\"elementor-widget-wrap elementor-element-populated\">\n\t\t\t\t\t\t<div class=\"elementor-element elementor-element-4212132 elementor-widget elementor-widget-heading\" data-id=\"4212132\" data-element_type=\"widget\" data-widget_type=\"heading.default\">\n\t\t\t\t\t<h2 class=\"elementor-heading-title elementor-size-default\">Lenovo ThinkCentre<br>\n& Lenovo Desktops<\/h2>\t\t\t\t<\/div>\n\t\t\t\t<div class=\"elementor-element elementor-element-9c3506b elementor-widget elementor-widget-tm-ele-text-editor\" data-id=\"9c3506b\" data-element_type=\"widget\" data-widget_type=\"tm-ele-text-editor.default\">\n\t\t\t\t<div class=\"elementor-widget-container\">\n\t\t\t\t\t\t\t<div class=\"tm-text-editor\">\r\n\t\t<p>Une gamme \u00e9tendue de PCs fixes, alliant performances \u00e9lev\u00e9es et fiabilit\u00e9 sans faille, con\u00e7ue pour r\u00e9pondre aussi bien aux exigences des petites entreprises que celles des grands services informatiques des grandes soci\u00e9t\u00e9s. Le tout accompagn\u00e9 d'une ergonomie attrayante et de caract\u00e9ristiques environnementales s\u00e9duisantes.<\/p>\t\t<\/div>\r\n\t\t\t\t\t<\/div>\n\t\t\t\t<\/div>\n\t\t\t\t<div class=\"elementor-element elementor-element-e587cc0 btn-savoir-plus elementor-mobile-align-center elementor-widget elementor-widget-button\" data-id=\"e587cc0\" data-element_type=\"widget\" data-widget_type=\"button.default\">\n\t\t\t\t\t\t\t\t\t\t<a class=\"elementor-button elementor-button-link elementor-size-sm\" href=\"https:\/\/psref.lenovo.com\/\">\n\t\t\t\t\t\t<span class=\"elementor-button-content-wrapper\">\n\t\t\t\t\t\t\t\t\t<span class=\"elementor-button-text\">Site officiel Lenovo<\/span>\n\t\t\t\t\t<\/span>\n\t\t\t\t\t<\/a>\n\t\t\t\t\t\t\t\t<\/div>\n\t\t\t\t\t<\/div>\n\t\t<\/div>\n\t\t\t\t<div class=\"elementor-column elementor-col-50 elementor-inner-column elementor-element elementor-element-a01d043 tm-bg-color-over-image\" data-id=\"a01d043\" data-element_type=\"column\">\n\t\t\t<div class=\"elementor-widget-wrap elementor-element-populated\">\n\t\t\t\t\t\t<div class=\"elementor-element elementor-element-b5daa78 elementor-widget elementor-widget-image\" data-id=\"b5daa78\" data-element_type=\"widget\" data-widget_type=\"image.default\">\n\t\t\t\t\t\t\t\t\t\t\t\t\t\t\t<img fetchpriority=\"high\" decoding=\"async\" width=\"542\" height=\"508\" src=\"https:\/\/www.bits-tunisia.com\/wp-content\/uploads\/2024\/05\/Groupe-101.png\" class=\"attachment-full size-full wp-image-49297\" alt=\"\" \/>\t\t\t\t\t\t\t\t\t\t\t\t\t\t\t<\/div>\n\t\t\t\t\t<\/div>\n\t\t<\/div>\n\t\t\t\t\t<\/div>\n\t\t<\/section>\n\t\t\t\t\t<\/div>\n\t\t<\/div>\n\t\t\t\t\t<\/div>\n\t\t<\/section>\n\t\t\t\t<section class=\"elementor-section elementor-top-section elementor-element elementor-element-9f89724 elementor-section-content-bottom elementor-section-stretched elementor-section-full_width navigation elementor-section-height-default elementor-section-height-default tm-col-stretched-none tm-bg-color-over-image\" data-id=\"9f89724\" data-element_type=\"section\" data-settings=\"{&quot;stretch_section&quot;:&quot;section-stretched&quot;,&quot;background_background&quot;:&quot;classic&quot;}\">\n\t\t\t\t\t\t<div class=\"elementor-container elementor-column-gap-extended\">\n\t\t\t\t\t<div class=\"elementor-column elementor-col-100 elementor-top-column elementor-element elementor-element-9691fb2 tm-bg-color-over-image\" data-id=\"9691fb2\" data-element_type=\"column\">\n\t\t\t<div class=\"elementor-widget-wrap elementor-element-populated\">\n\t\t\t\t\t\t<section class=\"elementor-section elementor-inner-section elementor-element elementor-element-d45cf7b elementor-section-full_width elementor-section-height-default elementor-section-height-default tm-col-stretched-none tm-bg-color-over-image\" data-id=\"d45cf7b\" data-element_type=\"section\">\n\t\t\t\t\t\t<div class=\"elementor-container elementor-column-gap-default\">\n\t\t\t\t\t<div class=\"elementor-column elementor-col-50 elementor-inner-column elementor-element elementor-element-338adce tm-bg-color-over-image\" data-id=\"338adce\" data-element_type=\"column\">\n\t\t\t<div class=\"elementor-widget-wrap elementor-element-populated\">\n\t\t\t\t\t\t<div class=\"elementor-element elementor-element-7488f8d elementor-widget elementor-widget-image\" data-id=\"7488f8d\" data-element_type=\"widget\" data-widget_type=\"image.default\">\n\t\t\t\t\t\t\t\t\t\t\t\t\t\t\t<img decoding=\"async\" width=\"542\" height=\"508\" src=\"https:\/\/www.bits-tunisia.com\/wp-content\/uploads\/2024\/05\/1-1.png\" class=\"attachment-full size-full wp-image-49295\" alt=\"\" \/>\t\t\t\t\t\t\t\t\t\t\t\t\t\t\t<\/div>\n\t\t\t\t\t<\/div>\n\t\t<\/div>\n\t\t\t\t<div class=\"elementor-column elementor-col-50 elementor-inner-column elementor-element elementor-element-9f8fe5e tm-bg-color-over-image\" data-id=\"9f8fe5e\" data-element_type=\"column\">\n\t\t\t<div class=\"elementor-widget-wrap elementor-element-populated\">\n\t\t\t\t\t\t<div class=\"elementor-element elementor-element-22ac278 elementor-widget elementor-widget-heading\" data-id=\"22ac278\" data-element_type=\"widget\" data-widget_type=\"heading.default\">\n\t\t\t\t\t<h2 class=\"elementor-heading-title elementor-size-default\">Lenovo ThinkVision<\/h2>\t\t\t\t<\/div>\n\t\t\t\t<div class=\"elementor-element elementor-element-ec6b05f elementor-widget elementor-widget-tm-ele-text-editor\" data-id=\"ec6b05f\" data-element_type=\"widget\" data-widget_type=\"tm-ele-text-editor.default\">\n\t\t\t\t<div class=\"elementor-widget-container\">\n\t\t\t\t\t\t\t<div class=\"tm-text-editor\">\r\n\t\t<p>Une large gamme de moniteurs offrant une clart\u00e9 d'affichage exceptionnelle qui rend votre exp\u00e9rience informatique plus agr\u00e9able et productive. Chaque moniteur ThinkVision est \u00e9quip\u00e9 de la technologie d'affichage la plus r\u00e9cente, compl\u00e9t\u00e9e par des fonctionnalit\u00e9s de support r\u00e9glable en hauteur, d'inclinaison, de rotation et de pivot, garantissant une ergonomie et une s\u00e9curit\u00e9 exceptionnelles.<\/p>\t\t<\/div>\r\n\t\t\t\t\t<\/div>\n\t\t\t\t<\/div>\n\t\t\t\t<div class=\"elementor-element elementor-element-81ea269 btn-savoir-plus elementor-mobile-align-center elementor-widget elementor-widget-button\" data-id=\"81ea269\" data-element_type=\"widget\" data-widget_type=\"button.default\">\n\t\t\t\t\t\t\t\t\t\t<a class=\"elementor-button elementor-button-link elementor-size-sm\" href=\"https:\/\/psref.lenovo.com\/\">\n\t\t\t\t\t\t<span class=\"elementor-button-content-wrapper\">\n\t\t\t\t\t\t\t\t\t<span class=\"elementor-button-text\">Site officiel Lenovo<\/span>\n\t\t\t\t\t<\/span>\n\t\t\t\t\t<\/a>\n\t\t\t\t\t\t\t\t<\/div>\n\t\t\t\t\t<\/div>\n\t\t<\/div>\n\t\t\t\t\t<\/div>\n\t\t<\/section>\n\t\t\t\t\t<\/div>\n\t\t<\/div>\n\t\t\t\t\t<\/div>\n\t\t<\/section>\n\t\t\t\t<section class=\"elementor-section elementor-top-section elementor-element elementor-element-a3b0183 elementor-section-content-bottom elementor-section-stretched elementor-section-full_width navigation elementor-section-height-default elementor-section-height-default tm-col-stretched-none tm-bg-color-over-image\" data-id=\"a3b0183\" data-element_type=\"section\" data-settings=\"{&quot;stretch_section&quot;:&quot;section-stretched&quot;,&quot;background_background&quot;:&quot;classic&quot;}\">\n\t\t\t\t\t\t<div class=\"elementor-container elementor-column-gap-extended\">\n\t\t\t\t\t<div class=\"elementor-column elementor-col-100 elementor-top-column elementor-element elementor-element-e5a23ec tm-bg-color-over-image\" data-id=\"e5a23ec\" data-element_type=\"column\">\n\t\t\t<div class=\"elementor-widget-wrap elementor-element-populated\">\n\t\t\t\t\t\t<section class=\"elementor-section elementor-inner-section elementor-element elementor-element-f111036 elementor-section-full_width elementor-reverse-tablet elementor-reverse-mobile elementor-section-height-default elementor-section-height-default tm-col-stretched-none tm-bg-color-over-image\" data-id=\"f111036\" data-element_type=\"section\">\n\t\t\t\t\t\t<div class=\"elementor-container elementor-column-gap-default\">\n\t\t\t\t\t<div class=\"elementor-column elementor-col-50 elementor-inner-column elementor-element elementor-element-09638a3 tm-bg-color-over-image\" data-id=\"09638a3\" data-element_type=\"column\">\n\t\t\t<div class=\"elementor-widget-wrap elementor-element-populated\">\n\t\t\t\t\t\t<div class=\"elementor-element elementor-element-91e864d elementor-widget elementor-widget-heading\" data-id=\"91e864d\" data-element_type=\"widget\" data-widget_type=\"heading.default\">\n\t\t\t\t\t<h2 class=\"elementor-heading-title elementor-size-default\">Lenovo ThinkPads<\/h2>\t\t\t\t<\/div>\n\t\t\t\t<div class=\"elementor-element elementor-element-934f201 elementor-widget elementor-widget-tm-ele-text-editor\" data-id=\"934f201\" data-element_type=\"widget\" data-widget_type=\"tm-ele-text-editor.default\">\n\t\t\t\t<div class=\"elementor-widget-container\">\n\t\t\t\t\t\t\t<div class=\"tm-text-editor\">\r\n\t\t<p>Avec des capacit\u00e9s multim\u00e9dias de pointe, les ordinateurs portables Lenovo se distinguent par leur s\u00e9curit\u00e9 renforc\u00e9e et leur fiabilit\u00e9 l\u00e9gendaire. Con\u00e7us pour surmonter les challenges quotidiens, ces PC portables pr\u00e9sentent une conception \u00e9l\u00e9gante avec des touches ergonomiques et des commandes multim\u00e9dias intuitives, assurant un confort d'utilisation optimal.<\/p>\t\t<\/div>\r\n\t\t\t\t\t<\/div>\n\t\t\t\t<\/div>\n\t\t\t\t<div class=\"elementor-element elementor-element-321c9e6 btn-savoir-plus elementor-mobile-align-center elementor-widget elementor-widget-button\" data-id=\"321c9e6\" data-element_type=\"widget\" data-widget_type=\"button.default\">\n\t\t\t\t\t\t\t\t\t\t<a class=\"elementor-button elementor-button-link elementor-size-sm\" href=\"https:\/\/psref.lenovo.com\/\">\n\t\t\t\t\t\t<span class=\"elementor-button-content-wrapper\">\n\t\t\t\t\t\t\t\t\t<span class=\"elementor-button-text\">Site officiel Lenovo<\/span>\n\t\t\t\t\t<\/span>\n\t\t\t\t\t<\/a>\n\t\t\t\t\t\t\t\t<\/div>\n\t\t\t\t\t<\/div>\n\t\t<\/div>\n\t\t\t\t<div class=\"elementor-column elementor-col-50 elementor-inner-column elementor-element elementor-element-f95a10b tm-bg-color-over-image\" data-id=\"f95a10b\" data-element_type=\"column\">\n\t\t\t<div class=\"elementor-widget-wrap elementor-element-populated\">\n\t\t\t\t\t\t<div class=\"elementor-element elementor-element-361a9ff elementor-widget elementor-widget-image\" data-id=\"361a9ff\" data-element_type=\"widget\" data-widget_type=\"image.default\">\n\t\t\t\t\t\t\t\t\t\t\t\t\t\t\t<img decoding=\"async\" width=\"542\" height=\"508\" src=\"https:\/\/www.bits-tunisia.com\/wp-content\/uploads\/2024\/05\/Groupe-272.png\" class=\"attachment-full size-full wp-image-49298\" alt=\"\" \/>\t\t\t\t\t\t\t\t\t\t\t\t\t\t\t<\/div>\n\t\t\t\t\t<\/div>\n\t\t<\/div>\n\t\t\t\t\t<\/div>\n\t\t<\/section>\n\t\t\t\t\t<\/div>\n\t\t<\/div>\n\t\t\t\t\t<\/div>\n\t\t<\/section>\n\t\t\t\t<section class=\"elementor-section elementor-top-section elementor-element elementor-element-4f9ddbc elementor-section-content-bottom elementor-section-stretched elementor-section-full_width navigation elementor-section-height-default elementor-section-height-default tm-col-stretched-none tm-bg-color-over-image\" data-id=\"4f9ddbc\" data-element_type=\"section\" data-settings=\"{&quot;stretch_section&quot;:&quot;section-stretched&quot;,&quot;background_background&quot;:&quot;classic&quot;}\">\n\t\t\t\t\t\t<div class=\"elementor-container elementor-column-gap-extended\">\n\t\t\t\t\t<div class=\"elementor-column elementor-col-100 elementor-top-column elementor-element elementor-element-e5f5cb1 tm-bg-color-over-image\" data-id=\"e5f5cb1\" data-element_type=\"column\">\n\t\t\t<div class=\"elementor-widget-wrap elementor-element-populated\">\n\t\t\t\t\t\t<section class=\"elementor-section elementor-inner-section elementor-element elementor-element-29ea5d0 elementor-section-full_width elementor-section-height-default elementor-section-height-default tm-col-stretched-none tm-bg-color-over-image\" data-id=\"29ea5d0\" data-element_type=\"section\">\n\t\t\t\t\t\t<div class=\"elementor-container elementor-column-gap-default\">\n\t\t\t\t\t<div class=\"elementor-column elementor-col-50 elementor-inner-column elementor-element elementor-element-dd02182 tm-bg-color-over-image\" data-id=\"dd02182\" data-element_type=\"column\">\n\t\t\t<div class=\"elementor-widget-wrap elementor-element-populated\">\n\t\t\t\t\t\t<div class=\"elementor-element elementor-element-7cea551 elementor-widget elementor-widget-image\" data-id=\"7cea551\" data-element_type=\"widget\" data-widget_type=\"image.default\">\n\t\t\t\t\t\t\t\t\t\t\t\t\t\t\t<img loading=\"lazy\" decoding=\"async\" width=\"542\" height=\"508\" src=\"https:\/\/www.bits-tunisia.com\/wp-content\/uploads\/2024\/05\/3-1.png\" class=\"attachment-full size-full wp-image-49296\" alt=\"\" \/>\t\t\t\t\t\t\t\t\t\t\t\t\t\t\t<\/div>\n\t\t\t\t\t<\/div>\n\t\t<\/div>\n\t\t\t\t<div class=\"elementor-column elementor-col-50 elementor-inner-column elementor-element elementor-element-1e8ea37 tm-bg-color-over-image\" data-id=\"1e8ea37\" data-element_type=\"column\">\n\t\t\t<div class=\"elementor-widget-wrap elementor-element-populated\">\n\t\t\t\t\t\t<div class=\"elementor-element elementor-element-f1e8512 elementor-widget elementor-widget-heading\" data-id=\"f1e8512\" data-element_type=\"widget\" data-widget_type=\"heading.default\">\n\t\t\t\t\t<h2 class=\"elementor-heading-title elementor-size-default\">Lenovo ThinkPad<br>\n& Tablets<\/h2>\t\t\t\t<\/div>\n\t\t\t\t<div class=\"elementor-element elementor-element-a61fd29 elementor-widget elementor-widget-tm-ele-text-editor\" data-id=\"a61fd29\" data-element_type=\"widget\" data-widget_type=\"tm-ele-text-editor.default\">\n\t\t\t\t<div class=\"elementor-widget-container\">\n\t\t\t\t\t\t\t<div class=\"tm-text-editor\">\r\n\t\t<p>D\u00e9couvrez l'appareil qui red\u00e9finit la polyvalence, parfait pour travailler ou pour se divertir. Dot\u00e9 d\u2019une grande capacit\u00e9 de stockage et des options de m\u00e9moire g\u00e9n\u00e9reuses, la tablette Lenovo thinkPad est tr\u00e8s r\u00e9active, permettant d\u2019ex\u00e9cuter \u00e0 bien vos charges de travail. Elle allie mobilit\u00e9 extr\u00eame, connectivit\u00e9 exhaustive et \u00e9cran tactile confortable.<\/p>\t\t<\/div>\r\n\t\t\t\t\t<\/div>\n\t\t\t\t<\/div>\n\t\t\t\t<div class=\"elementor-element elementor-element-260b4ae btn-savoir-plus elementor-mobile-align-center elementor-widget elementor-widget-button\" data-id=\"260b4ae\" data-element_type=\"widget\" data-widget_type=\"button.default\">\n\t\t\t\t\t\t\t\t\t\t<a class=\"elementor-button elementor-button-link elementor-size-sm\" href=\"https:\/\/psref.lenovo.com\/\">\n\t\t\t\t\t\t<span class=\"elementor-button-content-wrapper\">\n\t\t\t\t\t\t\t\t\t<span class=\"elementor-button-text\">Site officiel Lenovo<\/span>\n\t\t\t\t\t<\/span>\n\t\t\t\t\t<\/a>\n\t\t\t\t\t\t\t\t<\/div>\n\t\t\t\t\t<\/div>\n\t\t<\/div>\n\t\t\t\t\t<\/div>\n\t\t<\/section>\n\t\t\t\t\t<\/div>\n\t\t<\/div>\n\t\t\t\t\t<\/div>\n\t\t<\/section>\n\t\t<div class=\"elementor-element elementor-element-5328b61 e-flex e-con-boxed e-con e-parent\" data-id=\"5328b61\" data-element_type=\"container\">\n\t\t\t\t\t<div class=\"e-con-inner\">\n\t\t\t\t<div class=\"elementor-element elementor-element-698c3d8 elementor-widget elementor-widget-html\" data-id=\"698c3d8\" data-element_type=\"widget\" data-widget_type=\"html.default\">\n\t\t\t\t\t<style>\n  .background-img{\n      background-image: url('http:\/\/localhost\/bits\/wp-content\/uploads\/2024\/05\/Group-513.png')!important;\n  }  \n<\/style>\t\t\t\t<\/div>\n\t\t\t\t\t<\/div>\n\t\t\t\t<\/div>\n\t\t\t\t<\/div>","protected":false},"excerpt":{"rendered":"<p>Lenovo ThinkCentre &#038; Lenovo Desktops Une gamme \u00e9tendue de PCs fixes, alliant performances \u00e9lev\u00e9es et fiabilit\u00e9 sans faille, con\u00e7ue pour&#8230;<\/p>","protected":false},"author":1,"featured_media":0,"parent":0,"menu_order":0,"comment_status":"closed","ping_status":"closed","template":"","meta":{"_acf_changed":false,"_eb_attr":"","footnotes":""},"class_list":["post-49235","page","type-page","status-publish","hentry"],"acf":[],"_links":{"self":[{"href":"https:\/\/www.bits-tunisia.com\/en\/wp-json\/wp\/v2\/pages\/49235","targetHints":{"allow":["GET"]}}],"collection":[{"href":"https:\/\/www.bits-tunisia.com\/en\/wp-json\/wp\/v2\/pages"}],"about":[{"href":"https:\/\/www.bits-tunisia.com\/en\/wp-json\/wp\/v2\/types\/page"}],"author":[{"embeddable":true,"href":"https:\/\/www.bits-tunisia.com\/en\/wp-json\/wp\/v2\/users\/1"}],"replies":[{"embeddable":true,"href":"https:\/\/www.bits-tunisia.com\/en\/wp-json\/wp\/v2\/comments?post=49235"}],"version-history":[{"count":0,"href":"https:\/\/www.bits-tunisia.com\/en\/wp-json\/wp\/v2\/pages\/49235\/revisions"}],"wp:attachment":[{"href":"https:\/\/www.bits-tunisia.com\/en\/wp-json\/wp\/v2\/media?parent=49235"}],"curies":[{"name":"wp","href":"https:\/\/api.w.org\/{rel}","templated":true}]}}